{"id":102,"date":"2020-11-09T21:15:31","date_gmt":"2020-11-09T21:15:31","guid":{"rendered":"https:\/\/intseafarers.wpengine.com\/como-podemos-ayudar\/"},"modified":"2020-11-20T14:46:58","modified_gmt":"2020-11-20T14:46:58","slug":"como-podemos-ayudar","status":"publish","type":"page","link":"https:\/\/www.internationalseafarers.com\/es\/como-podemos-ayudar\/","title":{"rendered":"C\u00f3mo Podemos Ayudar"},"content":{"rendered":"\n<section class=\"wp-block-uagb-section uagb-section__wrap uagb-section__background-undefined alignfull uagb-block-9b64e547\"><div class=\"uagb-section__overlay\"><\/div><div class=\"uagb-section__inner-wrap\">\n\n<section class=\"wp-block-uagb-columns uagb-columns__wrap uagb-columns__background-undefined uagb-columns__stack-none uagb-columns__valign-undefined uagb-columns__gap-10 alignfull uagb-block-82bf9c57\"><div class=\"uagb-columns__overlay\"><\/div><div class=\"uagb-columns__inner-wrap uagb-columns__columns-1\">\n\n<div class=\"wp-block-uagb-column uagb-column__wrap uagb-column__background-undefined uagb-block-0a0256ff\"><div class=\"uagb-column__overlay\"><\/div><div class=\"uagb-column__inner-wrap\">\n\n<p>Para obtener ayuda inmediata, <a href=\"https:\/\/www.internationalseafarers.com\/es\/contactenos\/\" data-type=\"page\" data-id=\"18\">comun\u00ecquese con nosotros<\/a>.<\/p>\n\n\n<p>Los siguientes son algunos ejemplos de los resultados que marineros han obtenido a trav\u00e9s de la ayuda de SIM.<\/p>\n\n\n<ul class=\"wp-block-list\"><li><a href=\"https:\/\/www.internationalseafarers.com\/es\/como-podemos-ayudar\/sosa-vs-m-vlago-izabal\/\">SOSA vs. M\/VLAGO IZABAL<\/a><\/li><li><a href=\"https:\/\/www.internationalseafarers.com\/es\/como-podemos-ayudar\/andersen-vs-sky-cruises\/\">ANDERSEN vs. SKY CRUISES<\/a><\/li><li><a href=\"https:\/\/www.internationalseafarers.com\/es\/como-podemos-ayudar\/igac-vs-norwegian-cruise-lines\/\">IGAC vs. NORWEGIAN CRUISE LINES<\/a><\/li><li><a href=\"https:\/\/www.internationalseafarers.com\/es\/como-podemos-ayudar\/nunez-vs-carnival-cruise-lines\/\">NUNEZ vs. CARNIVAL CRUISE LINES<\/a><\/li><li><a href=\"https:\/\/www.internationalseafarers.com\/es\/como-podemos-ayudar\/refugia-vs-royal-caribbean-cruise-line\/\">REFUGIA vs. ROYAL CARIBBEAN CRUISE LINE<\/a><\/li><\/ul>\n\n<\/div><\/div>\n\n<\/div><\/section>\n\n<\/div><\/section>\n","protected":false},"excerpt":{"rendered":"","protected":false},"author":1,"featured_media":0,"parent":0,"menu_order":0,"comment_status":"closed","ping_status":"closed","template":"","meta":{"_acf_changed":false,"_uag_custom_page_level_css":"","footnotes":""},"class_list":["post-102","page","type-page","status-publish","hentry"],"acf":[],"yoast_head":"<!-- This site is optimized with the Yoast SEO plugin v27.1.1 - https:\/\/yoast.com\/product\/yoast-seo-wordpress\/ -->\n<title>C\u00f3mo Podemos Ayudar &#8226; Uni\u00f3n International de Marineros<\/title>\n<meta name=\"description\" content=\"ISU, una organizaci\u00f3n sin fines de lucro que opera con 40 a\u00f1os de experiencia ayudando a los tripulantes que se encuentran heridos o en situaciones dif\u00edciles.\" \/>\n<meta name=\"robots\" content=\"index, follow, max-snippet:-1, max-image-preview:large, max-video-preview:-1\" \/>\n<link rel=\"canonical\" href=\"https:\/\/www.internationalseafarers.com\/es\/como-podemos-ayudar\/\" \/>\n<meta property=\"og:locale\" content=\"es_ES\" \/>\n<meta property=\"og:type\" content=\"article\" \/>\n<meta property=\"og:title\" content=\"C\u00f3mo Podemos Ayudar &#8226; Uni\u00f3n International de Marineros\" \/>\n<meta property=\"og:description\" content=\"ISU, una organizaci\u00f3n sin fines de lucro que opera con 40 a\u00f1os de experiencia ayudando a los tripulantes que se encuentran heridos o en situaciones dif\u00edciles.\" \/>\n<meta property=\"og:url\" content=\"https:\/\/www.internationalseafarers.com\/es\/como-podemos-ayudar\/\" \/>\n<meta property=\"og:site_name\" content=\"Uni\u00f3n International de Marineros\" \/>\n<meta property=\"article:publisher\" content=\"https:\/\/www.facebook.com\/seafarersunion\" \/>\n<meta property=\"article:modified_time\" content=\"2020-11-20T14:46:58+00:00\" \/>\n<meta property=\"og:image\" content=\"https:\/\/www.internationalseafarers.com\/wp-content\/uploads\/2021\/06\/isu-social.jpg\" \/>\n\t<meta property=\"og:image:width\" content=\"1088\" \/>\n\t<meta property=\"og:image:height\" content=\"644\" \/>\n\t<meta property=\"og:image:type\" content=\"image\/jpeg\" \/>\n<meta name=\"twitter:card\" content=\"summary_large_image\" \/>\n<script type=\"application\/ld+json\" class=\"yoast-schema-graph\">{\"@context\":\"https:\/\/schema.org\",\"@graph\":[{\"@type\":\"WebPage\",\"@id\":\"https:\/\/www.internationalseafarers.com\/es\/como-podemos-ayudar\/\",\"url\":\"https:\/\/www.internationalseafarers.com\/es\/como-podemos-ayudar\/\",\"name\":\"C\u00f3mo Podemos Ayudar &#8226; Uni\u00f3n International de Marineros\",\"isPartOf\":{\"@id\":\"https:\/\/www.internationalseafarers.com\/#website\"},\"datePublished\":\"2020-11-09T21:15:31+00:00\",\"dateModified\":\"2020-11-20T14:46:58+00:00\",\"description\":\"ISU, una organizaci\u00f3n sin fines de lucro que opera con 40 a\u00f1os de experiencia ayudando a los tripulantes que se encuentran heridos o en situaciones dif\u00edciles.\",\"breadcrumb\":{\"@id\":\"https:\/\/www.internationalseafarers.com\/es\/como-podemos-ayudar\/#breadcrumb\"},\"inLanguage\":\"es\",\"potentialAction\":[{\"@type\":\"ReadAction\",\"target\":[\"https:\/\/www.internationalseafarers.com\/es\/como-podemos-ayudar\/\"]}]},{\"@type\":\"BreadcrumbList\",\"@id\":\"https:\/\/www.internationalseafarers.com\/es\/como-podemos-ayudar\/#breadcrumb\",\"itemListElement\":[{\"@type\":\"ListItem\",\"position\":1,\"name\":\"Home\",\"item\":\"https:\/\/www.internationalseafarers.com\/es\/\"},{\"@type\":\"ListItem\",\"position\":2,\"name\":\"C\u00f3mo Podemos Ayudar\"}]},{\"@type\":\"WebSite\",\"@id\":\"https:\/\/www.internationalseafarers.com\/#website\",\"url\":\"https:\/\/www.internationalseafarers.com\/\",\"name\":\"Uni\u00f3n International de Marineros\",\"description\":\"Ayuda para los marineros\",\"publisher\":{\"@id\":\"https:\/\/www.internationalseafarers.com\/#organization\"},\"potentialAction\":[{\"@type\":\"SearchAction\",\"target\":{\"@type\":\"EntryPoint\",\"urlTemplate\":\"https:\/\/www.internationalseafarers.com\/?s={search_term_string}\"},\"query-input\":{\"@type\":\"PropertyValueSpecification\",\"valueRequired\":true,\"valueName\":\"search_term_string\"}}],\"inLanguage\":\"es\"},{\"@type\":\"Organization\",\"@id\":\"https:\/\/www.internationalseafarers.com\/#organization\",\"name\":\"International Seafarers Union\",\"url\":\"https:\/\/www.internationalseafarers.com\/\",\"logo\":{\"@type\":\"ImageObject\",\"inLanguage\":\"es\",\"@id\":\"https:\/\/www.internationalseafarers.com\/#\/schema\/logo\/image\/\",\"url\":\"https:\/\/www.internationalseafarers.com\/wp-content\/uploads\/2020\/11\/international-seafarers-union-schema.png\",\"contentUrl\":\"https:\/\/www.internationalseafarers.com\/wp-content\/uploads\/2020\/11\/international-seafarers-union-schema.png\",\"width\":512,\"height\":512,\"caption\":\"International Seafarers Union\"},\"image\":{\"@id\":\"https:\/\/www.internationalseafarers.com\/#\/schema\/logo\/image\/\"},\"sameAs\":[\"https:\/\/www.facebook.com\/seafarersunion\"]}]}<\/script>\n<!-- \/ Yoast SEO plugin. -->","yoast_head_json":{"title":"C\u00f3mo Podemos Ayudar &#8226; Uni\u00f3n International de Marineros","description":"ISU, una organizaci\u00f3n sin fines de lucro que opera con 40 a\u00f1os de experiencia ayudando a los tripulantes que se encuentran heridos o en situaciones dif\u00edciles.","robots":{"index":"index","follow":"follow","max-snippet":"max-snippet:-1","max-image-preview":"max-image-preview:large","max-video-preview":"max-video-preview:-1"},"canonical":"https:\/\/www.internationalseafarers.com\/es\/como-podemos-ayudar\/","og_locale":"es_ES","og_type":"article","og_title":"C\u00f3mo Podemos Ayudar &#8226; Uni\u00f3n International de Marineros","og_description":"ISU, una organizaci\u00f3n sin fines de lucro que opera con 40 a\u00f1os de experiencia ayudando a los tripulantes que se encuentran heridos o en situaciones dif\u00edciles.","og_url":"https:\/\/www.internationalseafarers.com\/es\/como-podemos-ayudar\/","og_site_name":"Uni\u00f3n International de Marineros","article_publisher":"https:\/\/www.facebook.com\/seafarersunion","article_modified_time":"2020-11-20T14:46:58+00:00","og_image":[{"width":1088,"height":644,"url":"https:\/\/www.internationalseafarers.com\/wp-content\/uploads\/2021\/06\/isu-social.jpg","type":"image\/jpeg"}],"twitter_card":"summary_large_image","schema":{"@context":"https:\/\/schema.org","@graph":[{"@type":"WebPage","@id":"https:\/\/www.internationalseafarers.com\/es\/como-podemos-ayudar\/","url":"https:\/\/www.internationalseafarers.com\/es\/como-podemos-ayudar\/","name":"C\u00f3mo Podemos Ayudar &#8226; Uni\u00f3n International de Marineros","isPartOf":{"@id":"https:\/\/www.internationalseafarers.com\/#website"},"datePublished":"2020-11-09T21:15:31+00:00","dateModified":"2020-11-20T14:46:58+00:00","description":"ISU, una organizaci\u00f3n sin fines de lucro que opera con 40 a\u00f1os de experiencia ayudando a los tripulantes que se encuentran heridos o en situaciones dif\u00edciles.","breadcrumb":{"@id":"https:\/\/www.internationalseafarers.com\/es\/como-podemos-ayudar\/#breadcrumb"},"inLanguage":"es","potentialAction":[{"@type":"ReadAction","target":["https:\/\/www.internationalseafarers.com\/es\/como-podemos-ayudar\/"]}]},{"@type":"BreadcrumbList","@id":"https:\/\/www.internationalseafarers.com\/es\/como-podemos-ayudar\/#breadcrumb","itemListElement":[{"@type":"ListItem","position":1,"name":"Home","item":"https:\/\/www.internationalseafarers.com\/es\/"},{"@type":"ListItem","position":2,"name":"C\u00f3mo Podemos Ayudar"}]},{"@type":"WebSite","@id":"https:\/\/www.internationalseafarers.com\/#website","url":"https:\/\/www.internationalseafarers.com\/","name":"Uni\u00f3n International de Marineros","description":"Ayuda para los marineros","publisher":{"@id":"https:\/\/www.internationalseafarers.com\/#organization"},"potentialAction":[{"@type":"SearchAction","target":{"@type":"EntryPoint","urlTemplate":"https:\/\/www.internationalseafarers.com\/?s={search_term_string}"},"query-input":{"@type":"PropertyValueSpecification","valueRequired":true,"valueName":"search_term_string"}}],"inLanguage":"es"},{"@type":"Organization","@id":"https:\/\/www.internationalseafarers.com\/#organization","name":"International Seafarers Union","url":"https:\/\/www.internationalseafarers.com\/","logo":{"@type":"ImageObject","inLanguage":"es","@id":"https:\/\/www.internationalseafarers.com\/#\/schema\/logo\/image\/","url":"https:\/\/www.internationalseafarers.com\/wp-content\/uploads\/2020\/11\/international-seafarers-union-schema.png","contentUrl":"https:\/\/www.internationalseafarers.com\/wp-content\/uploads\/2020\/11\/international-seafarers-union-schema.png","width":512,"height":512,"caption":"International Seafarers Union"},"image":{"@id":"https:\/\/www.internationalseafarers.com\/#\/schema\/logo\/image\/"},"sameAs":["https:\/\/www.facebook.com\/seafarersunion"]}]}},"uagb_featured_image_src":{"full":false,"thumbnail":false,"medium":false,"medium_large":false,"large":false,"1536x1536":false,"2048x2048":false,"gform-image-choice-sm":false,"gform-image-choice-md":false,"gform-image-choice-lg":false},"uagb_author_info":{"display_name":"awd_ba","author_link":"https:\/\/www.internationalseafarers.com\/es\/author\/awd_ba\/"},"uagb_comment_info":0,"uagb_excerpt":null,"_links":{"self":[{"href":"https:\/\/www.internationalseafarers.com\/es\/wp-json\/wp\/v2\/pages\/102","targetHints":{"allow":["GET"]}}],"collection":[{"href":"https:\/\/www.internationalseafarers.com\/es\/wp-json\/wp\/v2\/pages"}],"about":[{"href":"https:\/\/www.internationalseafarers.com\/es\/wp-json\/wp\/v2\/types\/page"}],"author":[{"embeddable":true,"href":"https:\/\/www.internationalseafarers.com\/es\/wp-json\/wp\/v2\/users\/1"}],"replies":[{"embeddable":true,"href":"https:\/\/www.internationalseafarers.com\/es\/wp-json\/wp\/v2\/comments?post=102"}],"version-history":[{"count":0,"href":"https:\/\/www.internationalseafarers.com\/es\/wp-json\/wp\/v2\/pages\/102\/revisions"}],"wp:attachment":[{"href":"https:\/\/www.internationalseafarers.com\/es\/wp-json\/wp\/v2\/media?parent=102"}],"curies":[{"name":"wp","href":"https:\/\/api.w.org\/{rel}","templated":true}]}}