{"id":113,"date":"2020-11-10T20:24:24","date_gmt":"2020-11-10T20:24:24","guid":{"rendered":"https:\/\/intseafarers.wpengine.com\/membresia-gratis\/"},"modified":"2020-12-02T18:02:39","modified_gmt":"2020-12-02T23:02:39","slug":"membresia-gratis","status":"publish","type":"page","link":"https:\/\/www.internationalseafarers.com\/es\/membresia-gratis\/","title":{"rendered":"Membres\u00eda gratis"},"content":{"rendered":"\n<section class=\"wp-block-uagb-section uagb-section__wrap uagb-section__background-undefined alignfull uagb-block-195f9e24\"><div class=\"uagb-section__overlay\"><\/div><div class=\"uagb-section__inner-wrap\">\n<section class=\"wp-block-uagb-columns uagb-columns__wrap uagb-columns__background-undefined uagb-columns__stack-none uagb-columns__valign-undefined uagb-columns__gap-10 alignfull uagb-block-120251f4\"><div class=\"uagb-columns__overlay\"><\/div><div class=\"uagb-columns__inner-wrap uagb-columns__columns-1\">\n<div class=\"wp-block-uagb-column uagb-column__wrap uagb-column__background-undefined uagb-block-9dfef511\"><div class=\"uagb-column__overlay\"><\/div><div class=\"uagb-column__inner-wrap\">\n<div class=\"wp-block-uagb-advanced-heading uagb-block-55fbf8d7\"><h2 class=\"uagb-heading-text\">Empieza Ahora<\/h2><p class=\"uagb-desc-text\">Complete el formulario que a su derecha para que nuestra organizaci\u00f3n pueda determinar si usted es elegible para recibir los beneficios siguiente: <br><\/p><\/div>\n\n\n\n<ol class=\"wp-block-list\"><li>Membres\u00eda gratis de la uni\u00f3n internacional de Marinos.<\/li><li>Llamadas gratis mientras recibe cuidados medicos.<\/li><li>Lavanderia gratis mientras recibe cuidados medicos.<\/li><li>Comida gratis mientras recibe cuidados medicos.<\/li><li>Ayuda econ\u00f3mica si califica. T\u00e9rminos y condiciones aplica. <\/li><li>Aplicaciones gratis para celulares Apple y Android para tener acceso a nuestros abogados de asuntos Mar\u00edtimos 24 horas al d\u00eda 7 d\u00edas a la semana.<\/li><li>Primera consulta gratis con una firma de abogados calificada en asuntos mar\u00edtimos<\/li><li>Descuentos en los gastos legales tales como declaraciones, traducciones, copia de documentos, consultas legales y transferencias de costos. El tipo de descuento depende de cada firma de abogados. <\/li><li>Acceso las 24 horas al sindicato por Skype, Correo electr\u00f3nico, llamadas y fax.<\/li><li>Acceso las 24 horas a abogados de asuntos mar\u00edtimos por Skype, correo electr\u00f3nico, tel\u00e9fono o fax.<\/li><li>Informacion gratis de todo lo relacionado con leyes mar\u00edtimas. <\/li><\/ol>\n\n\n\n<p><em>El Programa de ayuda gratis<\/em> de la Union Internacional de Marinos (ISU) esta siempre disponible a recibir comentarios para mejorar la calidad de los servicios para sus miembros e interesados.<\/p>\n\n\n\n<p><strong>Si tiene historia medica, <a href=\"mailto:help@internationalseafarers.com\">por favor enviarlos por correo electr\u00f3nico<\/a>.<\/strong> <\/p>\n\n\n\n<p><em>* Nota: Su membrecia y\/o participaci\u00f3n en ISU es completamente confidencial y esta informaci\u00f3n no sera publica a ninguna compa\u00f1ia naviera.<\/em><\/p>\n<\/div><\/div>\n<\/div><\/section>\n<\/div><\/section>\n","protected":false},"excerpt":{"rendered":"","protected":false},"author":1,"featured_media":0,"parent":0,"menu_order":0,"comment_status":"closed","ping_status":"closed","template":"","meta":{"_acf_changed":false,"_uag_custom_page_level_css":"","footnotes":""},"class_list":["post-113","page","type-page","status-publish","hentry"],"acf":[],"yoast_head":"<!-- This site is optimized with the Yoast SEO plugin v27.1.1 - https:\/\/yoast.com\/product\/yoast-seo-wordpress\/ -->\n<title>Membres\u00eda gratis &#8226; Uni\u00f3n International de Marineros<\/title>\n<meta name=\"description\" content=\"El Programa de ayuda gratis de la Union Internacional de Marinos (ISU) esta siempre disponible a recibir comentarios para mejorar la calidad de los servicios para sus miembros e interesados.\" \/>\n<meta name=\"robots\" content=\"index, follow, max-snippet:-1, max-image-preview:large, max-video-preview:-1\" \/>\n<link rel=\"canonical\" href=\"https:\/\/www.internationalseafarers.com\/es\/membresia-gratis\/\" \/>\n<meta property=\"og:locale\" content=\"es_ES\" \/>\n<meta property=\"og:type\" content=\"article\" \/>\n<meta property=\"og:title\" content=\"Membres\u00eda gratis &#8226; Uni\u00f3n International de Marineros\" \/>\n<meta property=\"og:description\" content=\"El Programa de ayuda gratis de la Union Internacional de Marinos (ISU) esta siempre disponible a recibir comentarios para mejorar la calidad de los servicios para sus miembros e interesados.\" \/>\n<meta property=\"og:url\" content=\"https:\/\/www.internationalseafarers.com\/es\/membresia-gratis\/\" \/>\n<meta property=\"og:site_name\" content=\"Uni\u00f3n International de Marineros\" \/>\n<meta property=\"article:publisher\" content=\"https:\/\/www.facebook.com\/seafarersunion\" \/>\n<meta property=\"article:modified_time\" content=\"2020-12-02T23:02:39+00:00\" \/>\n<meta property=\"og:image\" content=\"https:\/\/www.internationalseafarers.com\/wp-content\/uploads\/2021\/06\/isu-social.jpg\" \/>\n\t<meta property=\"og:image:width\" content=\"1088\" \/>\n\t<meta property=\"og:image:height\" content=\"644\" \/>\n\t<meta property=\"og:image:type\" content=\"image\/jpeg\" \/>\n<meta name=\"twitter:card\" content=\"summary_large_image\" \/>\n<meta name=\"twitter:label1\" content=\"Tiempo de lectura\" \/>\n\t<meta name=\"twitter:data1\" content=\"1 minuto\" \/>\n<script type=\"application\/ld+json\" class=\"yoast-schema-graph\">{\"@context\":\"https:\/\/schema.org\",\"@graph\":[{\"@type\":\"WebPage\",\"@id\":\"https:\/\/www.internationalseafarers.com\/es\/membresia-gratis\/\",\"url\":\"https:\/\/www.internationalseafarers.com\/es\/membresia-gratis\/\",\"name\":\"Membres\u00eda gratis &#8226; Uni\u00f3n International de Marineros\",\"isPartOf\":{\"@id\":\"https:\/\/www.internationalseafarers.com\/#website\"},\"datePublished\":\"2020-11-10T20:24:24+00:00\",\"dateModified\":\"2020-12-02T23:02:39+00:00\",\"description\":\"El Programa de ayuda gratis de la Union Internacional de Marinos (ISU) esta siempre disponible a recibir comentarios para mejorar la calidad de los servicios para sus miembros e interesados.\",\"breadcrumb\":{\"@id\":\"https:\/\/www.internationalseafarers.com\/es\/membresia-gratis\/#breadcrumb\"},\"inLanguage\":\"es\",\"potentialAction\":[{\"@type\":\"ReadAction\",\"target\":[\"https:\/\/www.internationalseafarers.com\/es\/membresia-gratis\/\"]}]},{\"@type\":\"BreadcrumbList\",\"@id\":\"https:\/\/www.internationalseafarers.com\/es\/membresia-gratis\/#breadcrumb\",\"itemListElement\":[{\"@type\":\"ListItem\",\"position\":1,\"name\":\"Home\",\"item\":\"https:\/\/www.internationalseafarers.com\/es\/\"},{\"@type\":\"ListItem\",\"position\":2,\"name\":\"Membres\u00eda gratis\"}]},{\"@type\":\"WebSite\",\"@id\":\"https:\/\/www.internationalseafarers.com\/#website\",\"url\":\"https:\/\/www.internationalseafarers.com\/\",\"name\":\"Uni\u00f3n International de Marineros\",\"description\":\"Ayuda para los marineros\",\"publisher\":{\"@id\":\"https:\/\/www.internationalseafarers.com\/#organization\"},\"potentialAction\":[{\"@type\":\"SearchAction\",\"target\":{\"@type\":\"EntryPoint\",\"urlTemplate\":\"https:\/\/www.internationalseafarers.com\/?s={search_term_string}\"},\"query-input\":{\"@type\":\"PropertyValueSpecification\",\"valueRequired\":true,\"valueName\":\"search_term_string\"}}],\"inLanguage\":\"es\"},{\"@type\":\"Organization\",\"@id\":\"https:\/\/www.internationalseafarers.com\/#organization\",\"name\":\"International Seafarers Union\",\"url\":\"https:\/\/www.internationalseafarers.com\/\",\"logo\":{\"@type\":\"ImageObject\",\"inLanguage\":\"es\",\"@id\":\"https:\/\/www.internationalseafarers.com\/#\/schema\/logo\/image\/\",\"url\":\"https:\/\/www.internationalseafarers.com\/wp-content\/uploads\/2020\/11\/international-seafarers-union-schema.png\",\"contentUrl\":\"https:\/\/www.internationalseafarers.com\/wp-content\/uploads\/2020\/11\/international-seafarers-union-schema.png\",\"width\":512,\"height\":512,\"caption\":\"International Seafarers Union\"},\"image\":{\"@id\":\"https:\/\/www.internationalseafarers.com\/#\/schema\/logo\/image\/\"},\"sameAs\":[\"https:\/\/www.facebook.com\/seafarersunion\"]}]}<\/script>\n<!-- \/ Yoast SEO plugin. -->","yoast_head_json":{"title":"Membres\u00eda gratis &#8226; Uni\u00f3n International de Marineros","description":"El Programa de ayuda gratis de la Union Internacional de Marinos (ISU) esta siempre disponible a recibir comentarios para mejorar la calidad de los servicios para sus miembros e interesados.","robots":{"index":"index","follow":"follow","max-snippet":"max-snippet:-1","max-image-preview":"max-image-preview:large","max-video-preview":"max-video-preview:-1"},"canonical":"https:\/\/www.internationalseafarers.com\/es\/membresia-gratis\/","og_locale":"es_ES","og_type":"article","og_title":"Membres\u00eda gratis &#8226; Uni\u00f3n International de Marineros","og_description":"El Programa de ayuda gratis de la Union Internacional de Marinos (ISU) esta siempre disponible a recibir comentarios para mejorar la calidad de los servicios para sus miembros e interesados.","og_url":"https:\/\/www.internationalseafarers.com\/es\/membresia-gratis\/","og_site_name":"Uni\u00f3n International de Marineros","article_publisher":"https:\/\/www.facebook.com\/seafarersunion","article_modified_time":"2020-12-02T23:02:39+00:00","og_image":[{"width":1088,"height":644,"url":"https:\/\/www.internationalseafarers.com\/wp-content\/uploads\/2021\/06\/isu-social.jpg","type":"image\/jpeg"}],"twitter_card":"summary_large_image","twitter_misc":{"Tiempo de lectura":"1 minuto"},"schema":{"@context":"https:\/\/schema.org","@graph":[{"@type":"WebPage","@id":"https:\/\/www.internationalseafarers.com\/es\/membresia-gratis\/","url":"https:\/\/www.internationalseafarers.com\/es\/membresia-gratis\/","name":"Membres\u00eda gratis &#8226; Uni\u00f3n International de Marineros","isPartOf":{"@id":"https:\/\/www.internationalseafarers.com\/#website"},"datePublished":"2020-11-10T20:24:24+00:00","dateModified":"2020-12-02T23:02:39+00:00","description":"El Programa de ayuda gratis de la Union Internacional de Marinos (ISU) esta siempre disponible a recibir comentarios para mejorar la calidad de los servicios para sus miembros e interesados.","breadcrumb":{"@id":"https:\/\/www.internationalseafarers.com\/es\/membresia-gratis\/#breadcrumb"},"inLanguage":"es","potentialAction":[{"@type":"ReadAction","target":["https:\/\/www.internationalseafarers.com\/es\/membresia-gratis\/"]}]},{"@type":"BreadcrumbList","@id":"https:\/\/www.internationalseafarers.com\/es\/membresia-gratis\/#breadcrumb","itemListElement":[{"@type":"ListItem","position":1,"name":"Home","item":"https:\/\/www.internationalseafarers.com\/es\/"},{"@type":"ListItem","position":2,"name":"Membres\u00eda gratis"}]},{"@type":"WebSite","@id":"https:\/\/www.internationalseafarers.com\/#website","url":"https:\/\/www.internationalseafarers.com\/","name":"Uni\u00f3n International de Marineros","description":"Ayuda para los marineros","publisher":{"@id":"https:\/\/www.internationalseafarers.com\/#organization"},"potentialAction":[{"@type":"SearchAction","target":{"@type":"EntryPoint","urlTemplate":"https:\/\/www.internationalseafarers.com\/?s={search_term_string}"},"query-input":{"@type":"PropertyValueSpecification","valueRequired":true,"valueName":"search_term_string"}}],"inLanguage":"es"},{"@type":"Organization","@id":"https:\/\/www.internationalseafarers.com\/#organization","name":"International Seafarers Union","url":"https:\/\/www.internationalseafarers.com\/","logo":{"@type":"ImageObject","inLanguage":"es","@id":"https:\/\/www.internationalseafarers.com\/#\/schema\/logo\/image\/","url":"https:\/\/www.internationalseafarers.com\/wp-content\/uploads\/2020\/11\/international-seafarers-union-schema.png","contentUrl":"https:\/\/www.internationalseafarers.com\/wp-content\/uploads\/2020\/11\/international-seafarers-union-schema.png","width":512,"height":512,"caption":"International Seafarers Union"},"image":{"@id":"https:\/\/www.internationalseafarers.com\/#\/schema\/logo\/image\/"},"sameAs":["https:\/\/www.facebook.com\/seafarersunion"]}]}},"uagb_featured_image_src":{"full":false,"thumbnail":false,"medium":false,"medium_large":false,"large":false,"1536x1536":false,"2048x2048":false,"gform-image-choice-sm":false,"gform-image-choice-md":false,"gform-image-choice-lg":false},"uagb_author_info":{"display_name":"awd_ba","author_link":"https:\/\/www.internationalseafarers.com\/es\/author\/awd_ba\/"},"uagb_comment_info":0,"uagb_excerpt":null,"_links":{"self":[{"href":"https:\/\/www.internationalseafarers.com\/es\/wp-json\/wp\/v2\/pages\/113","targetHints":{"allow":["GET"]}}],"collection":[{"href":"https:\/\/www.internationalseafarers.com\/es\/wp-json\/wp\/v2\/pages"}],"about":[{"href":"https:\/\/www.internationalseafarers.com\/es\/wp-json\/wp\/v2\/types\/page"}],"author":[{"embeddable":true,"href":"https:\/\/www.internationalseafarers.com\/es\/wp-json\/wp\/v2\/users\/1"}],"replies":[{"embeddable":true,"href":"https:\/\/www.internationalseafarers.com\/es\/wp-json\/wp\/v2\/comments?post=113"}],"version-history":[{"count":0,"href":"https:\/\/www.internationalseafarers.com\/es\/wp-json\/wp\/v2\/pages\/113\/revisions"}],"wp:attachment":[{"href":"https:\/\/www.internationalseafarers.com\/es\/wp-json\/wp\/v2\/media?parent=113"}],"curies":[{"name":"wp","href":"https:\/\/api.w.org\/{rel}","templated":true}]}}