{"id":81,"date":"2020-11-06T19:40:05","date_gmt":"2020-11-06T19:40:05","guid":{"rendered":"https:\/\/intseafarers.wpengine.com\/contactenos\/"},"modified":"2020-11-20T15:00:44","modified_gmt":"2020-11-20T15:00:44","slug":"contactenos","status":"publish","type":"page","link":"https:\/\/www.internationalseafarers.com\/es\/contactenos\/","title":{"rendered":"Cont\u00e1ctenos"},"content":{"rendered":"\n<section class=\"wp-block-uagb-section uagb-section__wrap uagb-section__background-undefined alignfull uagb-block-87c710c6\"><div class=\"uagb-section__overlay\"><\/div><div class=\"uagb-section__inner-wrap\">\n<section class=\"wp-block-uagb-columns uagb-columns__wrap uagb-columns__background-undefined uagb-columns__stack-none uagb-columns__valign-undefined uagb-columns__gap-10 alignfull uagb-block-0b45fe77\"><div class=\"uagb-columns__overlay\"><\/div><div class=\"uagb-columns__inner-wrap uagb-columns__columns-1\">\n<div class=\"wp-block-uagb-column uagb-column__wrap uagb-column__background-undefined uagb-block-5fd3c631\"><div class=\"uagb-column__overlay\"><\/div><div class=\"uagb-column__inner-wrap\">\n<p>Para obtener de forma gratuita informaci\u00f3n sobre los beneficios de la membres\u00eda y ayuda inmediata, comun\u00edquese con:<\/p>\n\n\n\n<p><strong>Direcci\u00f3n Principal<\/strong>&nbsp;<\/p>\n\n\n\n<p>141 Nassau Street<br>Suite A-527<br>P.O. Box N-1836<br>Nassau, Bahamas<\/p>\n\n\n\n<p>Tel\u00e9fono: +(242) 422-2212<\/p>\n\n\n\n<p><strong>EE.UU.<\/strong><\/p>\n\n\n\n<p>L\u00ednea Gratuita (dentro de los EE.UU.): 1 800 838 5413<\/p>\n\n\n\n<p>Tel\u00e9fono:&nbsp;+(305) 460-3240<\/p>\n\n\n\n<p><br><a href=\"mailto:%20crewaid@aol.com\">Email Us<\/a><\/p>\n\n\n\n<p>Skype Us:&nbsp;Seawork-Aid<\/p>\n\n\n\n<p>* Nota: Su membres\u00eda o participaci\u00f3n en ISA es totalmente CONFIDENCIAL y la informaci\u00f3n no se revelar\u00e1 a ninguna compa\u00f1\u00eda transportadora.<\/p>\n<\/div><\/div>\n<\/div><\/section>\n<\/div><\/section>\n","protected":false},"excerpt":{"rendered":"","protected":false},"author":1,"featured_media":0,"parent":0,"menu_order":0,"comment_status":"closed","ping_status":"closed","template":"","meta":{"_acf_changed":false,"_uag_custom_page_level_css":"","footnotes":""},"class_list":["post-81","page","type-page","status-publish","hentry"],"acf":[],"yoast_head":"<!-- This site is optimized with the Yoast SEO plugin v27.1.1 - https:\/\/yoast.com\/product\/yoast-seo-wordpress\/ -->\n<title>Cont\u00e1ctenos &#8226; Seawork-Aid &#8226; Uni\u00f3n International de Marineros<\/title>\n<meta name=\"description\" content=\"P\u00f3ngase en contacto con nosotros en los EE.UU. al + (305) 460-3240 o en las Bahamas al + (242) 422-2212 para conocer sus derechos de los marinos.\" \/>\n<meta name=\"robots\" content=\"index, follow, max-snippet:-1, max-image-preview:large, max-video-preview:-1\" \/>\n<link rel=\"canonical\" href=\"https:\/\/www.internationalseafarers.com\/es\/contactenos\/\" \/>\n<meta property=\"og:locale\" content=\"es_ES\" \/>\n<meta property=\"og:type\" content=\"article\" \/>\n<meta property=\"og:title\" content=\"Cont\u00e1ctenos &#8226; Seawork-Aid &#8226; Uni\u00f3n International de Marineros\" \/>\n<meta property=\"og:description\" content=\"P\u00f3ngase en contacto con nosotros en los EE.UU. al + (305) 460-3240 o en las Bahamas al + (242) 422-2212 para conocer sus derechos de los marinos.\" \/>\n<meta property=\"og:url\" content=\"https:\/\/www.internationalseafarers.com\/es\/contactenos\/\" \/>\n<meta property=\"og:site_name\" content=\"Uni\u00f3n International de Marineros\" \/>\n<meta property=\"article:publisher\" content=\"https:\/\/www.facebook.com\/seafarersunion\" \/>\n<meta property=\"article:modified_time\" content=\"2020-11-20T15:00:44+00:00\" \/>\n<meta property=\"og:image\" content=\"https:\/\/www.internationalseafarers.com\/wp-content\/uploads\/2021\/06\/isu-social.jpg\" \/>\n\t<meta property=\"og:image:width\" content=\"1088\" \/>\n\t<meta property=\"og:image:height\" content=\"644\" \/>\n\t<meta property=\"og:image:type\" content=\"image\/jpeg\" \/>\n<meta name=\"twitter:card\" content=\"summary_large_image\" \/>\n<script type=\"application\/ld+json\" class=\"yoast-schema-graph\">{\"@context\":\"https:\/\/schema.org\",\"@graph\":[{\"@type\":\"WebPage\",\"@id\":\"https:\/\/www.internationalseafarers.com\/es\/contactenos\/\",\"url\":\"https:\/\/www.internationalseafarers.com\/es\/contactenos\/\",\"name\":\"Cont\u00e1ctenos &#8226; Seawork-Aid &#8226; Uni\u00f3n International de Marineros\",\"isPartOf\":{\"@id\":\"https:\/\/www.internationalseafarers.com\/#website\"},\"datePublished\":\"2020-11-06T19:40:05+00:00\",\"dateModified\":\"2020-11-20T15:00:44+00:00\",\"description\":\"P\u00f3ngase en contacto con nosotros en los EE.UU. al + (305) 460-3240 o en las Bahamas al + (242) 422-2212 para conocer sus derechos de los marinos.\",\"breadcrumb\":{\"@id\":\"https:\/\/www.internationalseafarers.com\/es\/contactenos\/#breadcrumb\"},\"inLanguage\":\"es\",\"potentialAction\":[{\"@type\":\"ReadAction\",\"target\":[\"https:\/\/www.internationalseafarers.com\/es\/contactenos\/\"]}]},{\"@type\":\"BreadcrumbList\",\"@id\":\"https:\/\/www.internationalseafarers.com\/es\/contactenos\/#breadcrumb\",\"itemListElement\":[{\"@type\":\"ListItem\",\"position\":1,\"name\":\"Home\",\"item\":\"https:\/\/www.internationalseafarers.com\/es\/\"},{\"@type\":\"ListItem\",\"position\":2,\"name\":\"Cont\u00e1ctenos\"}]},{\"@type\":\"WebSite\",\"@id\":\"https:\/\/www.internationalseafarers.com\/#website\",\"url\":\"https:\/\/www.internationalseafarers.com\/\",\"name\":\"Uni\u00f3n International de Marineros\",\"description\":\"Ayuda para los marineros\",\"publisher\":{\"@id\":\"https:\/\/www.internationalseafarers.com\/#organization\"},\"potentialAction\":[{\"@type\":\"SearchAction\",\"target\":{\"@type\":\"EntryPoint\",\"urlTemplate\":\"https:\/\/www.internationalseafarers.com\/?s={search_term_string}\"},\"query-input\":{\"@type\":\"PropertyValueSpecification\",\"valueRequired\":true,\"valueName\":\"search_term_string\"}}],\"inLanguage\":\"es\"},{\"@type\":\"Organization\",\"@id\":\"https:\/\/www.internationalseafarers.com\/#organization\",\"name\":\"International Seafarers Union\",\"url\":\"https:\/\/www.internationalseafarers.com\/\",\"logo\":{\"@type\":\"ImageObject\",\"inLanguage\":\"es\",\"@id\":\"https:\/\/www.internationalseafarers.com\/#\/schema\/logo\/image\/\",\"url\":\"https:\/\/www.internationalseafarers.com\/wp-content\/uploads\/2020\/11\/international-seafarers-union-schema.png\",\"contentUrl\":\"https:\/\/www.internationalseafarers.com\/wp-content\/uploads\/2020\/11\/international-seafarers-union-schema.png\",\"width\":512,\"height\":512,\"caption\":\"International Seafarers Union\"},\"image\":{\"@id\":\"https:\/\/www.internationalseafarers.com\/#\/schema\/logo\/image\/\"},\"sameAs\":[\"https:\/\/www.facebook.com\/seafarersunion\"]}]}<\/script>\n<!-- \/ Yoast SEO plugin. -->","yoast_head_json":{"title":"Cont\u00e1ctenos &#8226; Seawork-Aid &#8226; Uni\u00f3n International de Marineros","description":"P\u00f3ngase en contacto con nosotros en los EE.UU. al + (305) 460-3240 o en las Bahamas al + (242) 422-2212 para conocer sus derechos de los marinos.","robots":{"index":"index","follow":"follow","max-snippet":"max-snippet:-1","max-image-preview":"max-image-preview:large","max-video-preview":"max-video-preview:-1"},"canonical":"https:\/\/www.internationalseafarers.com\/es\/contactenos\/","og_locale":"es_ES","og_type":"article","og_title":"Cont\u00e1ctenos &#8226; Seawork-Aid &#8226; Uni\u00f3n International de Marineros","og_description":"P\u00f3ngase en contacto con nosotros en los EE.UU. al + (305) 460-3240 o en las Bahamas al + (242) 422-2212 para conocer sus derechos de los marinos.","og_url":"https:\/\/www.internationalseafarers.com\/es\/contactenos\/","og_site_name":"Uni\u00f3n International de Marineros","article_publisher":"https:\/\/www.facebook.com\/seafarersunion","article_modified_time":"2020-11-20T15:00:44+00:00","og_image":[{"width":1088,"height":644,"url":"https:\/\/www.internationalseafarers.com\/wp-content\/uploads\/2021\/06\/isu-social.jpg","type":"image\/jpeg"}],"twitter_card":"summary_large_image","schema":{"@context":"https:\/\/schema.org","@graph":[{"@type":"WebPage","@id":"https:\/\/www.internationalseafarers.com\/es\/contactenos\/","url":"https:\/\/www.internationalseafarers.com\/es\/contactenos\/","name":"Cont\u00e1ctenos &#8226; Seawork-Aid &#8226; Uni\u00f3n International de Marineros","isPartOf":{"@id":"https:\/\/www.internationalseafarers.com\/#website"},"datePublished":"2020-11-06T19:40:05+00:00","dateModified":"2020-11-20T15:00:44+00:00","description":"P\u00f3ngase en contacto con nosotros en los EE.UU. al + (305) 460-3240 o en las Bahamas al + (242) 422-2212 para conocer sus derechos de los marinos.","breadcrumb":{"@id":"https:\/\/www.internationalseafarers.com\/es\/contactenos\/#breadcrumb"},"inLanguage":"es","potentialAction":[{"@type":"ReadAction","target":["https:\/\/www.internationalseafarers.com\/es\/contactenos\/"]}]},{"@type":"BreadcrumbList","@id":"https:\/\/www.internationalseafarers.com\/es\/contactenos\/#breadcrumb","itemListElement":[{"@type":"ListItem","position":1,"name":"Home","item":"https:\/\/www.internationalseafarers.com\/es\/"},{"@type":"ListItem","position":2,"name":"Cont\u00e1ctenos"}]},{"@type":"WebSite","@id":"https:\/\/www.internationalseafarers.com\/#website","url":"https:\/\/www.internationalseafarers.com\/","name":"Uni\u00f3n International de Marineros","description":"Ayuda para los marineros","publisher":{"@id":"https:\/\/www.internationalseafarers.com\/#organization"},"potentialAction":[{"@type":"SearchAction","target":{"@type":"EntryPoint","urlTemplate":"https:\/\/www.internationalseafarers.com\/?s={search_term_string}"},"query-input":{"@type":"PropertyValueSpecification","valueRequired":true,"valueName":"search_term_string"}}],"inLanguage":"es"},{"@type":"Organization","@id":"https:\/\/www.internationalseafarers.com\/#organization","name":"International Seafarers Union","url":"https:\/\/www.internationalseafarers.com\/","logo":{"@type":"ImageObject","inLanguage":"es","@id":"https:\/\/www.internationalseafarers.com\/#\/schema\/logo\/image\/","url":"https:\/\/www.internationalseafarers.com\/wp-content\/uploads\/2020\/11\/international-seafarers-union-schema.png","contentUrl":"https:\/\/www.internationalseafarers.com\/wp-content\/uploads\/2020\/11\/international-seafarers-union-schema.png","width":512,"height":512,"caption":"International Seafarers Union"},"image":{"@id":"https:\/\/www.internationalseafarers.com\/#\/schema\/logo\/image\/"},"sameAs":["https:\/\/www.facebook.com\/seafarersunion"]}]}},"uagb_featured_image_src":{"full":false,"thumbnail":false,"medium":false,"medium_large":false,"large":false,"1536x1536":false,"2048x2048":false,"gform-image-choice-sm":false,"gform-image-choice-md":false,"gform-image-choice-lg":false},"uagb_author_info":{"display_name":"awd_ba","author_link":"https:\/\/www.internationalseafarers.com\/es\/author\/awd_ba\/"},"uagb_comment_info":0,"uagb_excerpt":null,"_links":{"self":[{"href":"https:\/\/www.internationalseafarers.com\/es\/wp-json\/wp\/v2\/pages\/81","targetHints":{"allow":["GET"]}}],"collection":[{"href":"https:\/\/www.internationalseafarers.com\/es\/wp-json\/wp\/v2\/pages"}],"about":[{"href":"https:\/\/www.internationalseafarers.com\/es\/wp-json\/wp\/v2\/types\/page"}],"author":[{"embeddable":true,"href":"https:\/\/www.internationalseafarers.com\/es\/wp-json\/wp\/v2\/users\/1"}],"replies":[{"embeddable":true,"href":"https:\/\/www.internationalseafarers.com\/es\/wp-json\/wp\/v2\/comments?post=81"}],"version-history":[{"count":0,"href":"https:\/\/www.internationalseafarers.com\/es\/wp-json\/wp\/v2\/pages\/81\/revisions"}],"wp:attachment":[{"href":"https:\/\/www.internationalseafarers.com\/es\/wp-json\/wp\/v2\/media?parent=81"}],"curies":[{"name":"wp","href":"https:\/\/api.w.org\/{rel}","templated":true}]}}