{"id":86,"date":"2020-11-06T20:49:10","date_gmt":"2020-11-06T20:49:10","guid":{"rendered":"https:\/\/intseafarers.wpengine.com\/derechos-de-los-marinos\/"},"modified":"2020-11-20T15:01:48","modified_gmt":"2020-11-20T15:01:48","slug":"derechos-de-los-marinos","status":"publish","type":"page","link":"https:\/\/www.internationalseafarers.com\/es\/derechos-de-los-marinos\/","title":{"rendered":"Derechos de los Marinos"},"content":{"rendered":"\n<section class=\"wp-block-uagb-section uagb-section__wrap uagb-section__background-undefined alignfull uagb-block-82f3f1f5\"><div class=\"uagb-section__overlay\"><\/div><div class=\"uagb-section__inner-wrap\">\n<section class=\"wp-block-uagb-columns uagb-columns__wrap uagb-columns__background-undefined uagb-columns__stack-none uagb-columns__valign-undefined uagb-columns__gap-10 alignfull uagb-block-2235ea4a\"><div class=\"uagb-columns__overlay\"><\/div><div class=\"uagb-columns__inner-wrap uagb-columns__columns-1\">\n<div class=\"wp-block-uagb-column uagb-column__wrap uagb-column__background-undefined uagb-block-f881523f\"><div class=\"uagb-column__overlay\"><\/div><div class=\"uagb-column__inner-wrap\">\n<p>Los marinos que se lesionen o se enfermen, mientras est\u00e9n de servicio en sus embarcaciones, tienen derecho, seg\u00fan las leyes de Estados Unidos, a recibir gratis atenci\u00f3n m\u00e9dica, comida y alojamiento.<\/p>\n\n\n\n<p>Adem\u00e1s, todos los marinos tienen derecho seg\u00fan las leyes de Estados Unidos a:<\/p>\n\n\n\n<ol class=\"wp-block-list\"><li>Salarios y propinas<\/li><li>Atenci\u00f3n m\u00e9dica<\/li><li>Comida y alojamiento<\/li><li>Transporte<\/li><li>Beneficios contractuales<\/li><li>Dinero por lesiones e incapacidades<\/li><li>A no ser acosado sexualmente en el trabajo<\/li><\/ol>\n\n\n\n<p>Para conocer m\u00e1s sobre sus derechos, <a href=\"https:\/\/www.internationalseafarers.com\/es\/contactenos\/\" data-type=\"page\" data-id=\"18\">comun\u00edquese con nosotros<\/a>.<\/p>\n<\/div><\/div>\n<\/div><\/section>\n<\/div><\/section>\n","protected":false},"excerpt":{"rendered":"","protected":false},"author":1,"featured_media":0,"parent":0,"menu_order":0,"comment_status":"closed","ping_status":"closed","template":"","meta":{"_acf_changed":false,"_uag_custom_page_level_css":"","footnotes":""},"class_list":["post-86","page","type-page","status-publish","hentry"],"acf":[],"yoast_head":"<!-- This site is optimized with the Yoast SEO plugin v27.1.1 - https:\/\/yoast.com\/product\/yoast-seo-wordpress\/ -->\n<title>Derechos de los Marinos &#8226; Uni\u00f3n International de Marineros<\/title>\n<meta name=\"description\" content=\"Mientras que Marineros lesionado esta en servicio de su buque, tienes derecho bajo la ley de E.E.U.U., para recibir cuidado m\u00e9dico, alimento y refugio gratis.\" \/>\n<meta name=\"robots\" content=\"index, follow, max-snippet:-1, max-image-preview:large, max-video-preview:-1\" \/>\n<link rel=\"canonical\" href=\"https:\/\/www.internationalseafarers.com\/es\/derechos-de-los-marinos\/\" \/>\n<meta property=\"og:locale\" content=\"es_ES\" \/>\n<meta property=\"og:type\" content=\"article\" \/>\n<meta property=\"og:title\" content=\"Derechos de los Marinos &#8226; Uni\u00f3n International de Marineros\" \/>\n<meta property=\"og:description\" content=\"Mientras que Marineros lesionado esta en servicio de su buque, tienes derecho bajo la ley de E.E.U.U., para recibir cuidado m\u00e9dico, alimento y refugio gratis.\" \/>\n<meta property=\"og:url\" content=\"https:\/\/www.internationalseafarers.com\/es\/derechos-de-los-marinos\/\" \/>\n<meta property=\"og:site_name\" content=\"Uni\u00f3n International de Marineros\" \/>\n<meta property=\"article:publisher\" content=\"https:\/\/www.facebook.com\/seafarersunion\" \/>\n<meta property=\"article:modified_time\" content=\"2020-11-20T15:01:48+00:00\" \/>\n<meta property=\"og:image\" content=\"https:\/\/www.internationalseafarers.com\/wp-content\/uploads\/2021\/06\/isu-social.jpg\" \/>\n\t<meta property=\"og:image:width\" content=\"1088\" \/>\n\t<meta property=\"og:image:height\" content=\"644\" \/>\n\t<meta property=\"og:image:type\" content=\"image\/jpeg\" \/>\n<meta name=\"twitter:card\" content=\"summary_large_image\" \/>\n<script type=\"application\/ld+json\" class=\"yoast-schema-graph\">{\"@context\":\"https:\/\/schema.org\",\"@graph\":[{\"@type\":\"WebPage\",\"@id\":\"https:\/\/www.internationalseafarers.com\/es\/derechos-de-los-marinos\/\",\"url\":\"https:\/\/www.internationalseafarers.com\/es\/derechos-de-los-marinos\/\",\"name\":\"Derechos de los Marinos &#8226; Uni\u00f3n International de Marineros\",\"isPartOf\":{\"@id\":\"https:\/\/www.internationalseafarers.com\/#website\"},\"datePublished\":\"2020-11-06T20:49:10+00:00\",\"dateModified\":\"2020-11-20T15:01:48+00:00\",\"description\":\"Mientras que Marineros lesionado esta en servicio de su buque, tienes derecho bajo la ley de E.E.U.U., para recibir cuidado m\u00e9dico, alimento y refugio gratis.\",\"breadcrumb\":{\"@id\":\"https:\/\/www.internationalseafarers.com\/es\/derechos-de-los-marinos\/#breadcrumb\"},\"inLanguage\":\"es\",\"potentialAction\":[{\"@type\":\"ReadAction\",\"target\":[\"https:\/\/www.internationalseafarers.com\/es\/derechos-de-los-marinos\/\"]}]},{\"@type\":\"BreadcrumbList\",\"@id\":\"https:\/\/www.internationalseafarers.com\/es\/derechos-de-los-marinos\/#breadcrumb\",\"itemListElement\":[{\"@type\":\"ListItem\",\"position\":1,\"name\":\"Home\",\"item\":\"https:\/\/www.internationalseafarers.com\/es\/\"},{\"@type\":\"ListItem\",\"position\":2,\"name\":\"Derechos de los Marinos\"}]},{\"@type\":\"WebSite\",\"@id\":\"https:\/\/www.internationalseafarers.com\/#website\",\"url\":\"https:\/\/www.internationalseafarers.com\/\",\"name\":\"Uni\u00f3n International de Marineros\",\"description\":\"Ayuda para los marineros\",\"publisher\":{\"@id\":\"https:\/\/www.internationalseafarers.com\/#organization\"},\"potentialAction\":[{\"@type\":\"SearchAction\",\"target\":{\"@type\":\"EntryPoint\",\"urlTemplate\":\"https:\/\/www.internationalseafarers.com\/?s={search_term_string}\"},\"query-input\":{\"@type\":\"PropertyValueSpecification\",\"valueRequired\":true,\"valueName\":\"search_term_string\"}}],\"inLanguage\":\"es\"},{\"@type\":\"Organization\",\"@id\":\"https:\/\/www.internationalseafarers.com\/#organization\",\"name\":\"International Seafarers Union\",\"url\":\"https:\/\/www.internationalseafarers.com\/\",\"logo\":{\"@type\":\"ImageObject\",\"inLanguage\":\"es\",\"@id\":\"https:\/\/www.internationalseafarers.com\/#\/schema\/logo\/image\/\",\"url\":\"https:\/\/www.internationalseafarers.com\/wp-content\/uploads\/2020\/11\/international-seafarers-union-schema.png\",\"contentUrl\":\"https:\/\/www.internationalseafarers.com\/wp-content\/uploads\/2020\/11\/international-seafarers-union-schema.png\",\"width\":512,\"height\":512,\"caption\":\"International Seafarers Union\"},\"image\":{\"@id\":\"https:\/\/www.internationalseafarers.com\/#\/schema\/logo\/image\/\"},\"sameAs\":[\"https:\/\/www.facebook.com\/seafarersunion\"]}]}<\/script>\n<!-- \/ Yoast SEO plugin. -->","yoast_head_json":{"title":"Derechos de los Marinos &#8226; Uni\u00f3n International de Marineros","description":"Mientras que Marineros lesionado esta en servicio de su buque, tienes derecho bajo la ley de E.E.U.U., para recibir cuidado m\u00e9dico, alimento y refugio gratis.","robots":{"index":"index","follow":"follow","max-snippet":"max-snippet:-1","max-image-preview":"max-image-preview:large","max-video-preview":"max-video-preview:-1"},"canonical":"https:\/\/www.internationalseafarers.com\/es\/derechos-de-los-marinos\/","og_locale":"es_ES","og_type":"article","og_title":"Derechos de los Marinos &#8226; Uni\u00f3n International de Marineros","og_description":"Mientras que Marineros lesionado esta en servicio de su buque, tienes derecho bajo la ley de E.E.U.U., para recibir cuidado m\u00e9dico, alimento y refugio gratis.","og_url":"https:\/\/www.internationalseafarers.com\/es\/derechos-de-los-marinos\/","og_site_name":"Uni\u00f3n International de Marineros","article_publisher":"https:\/\/www.facebook.com\/seafarersunion","article_modified_time":"2020-11-20T15:01:48+00:00","og_image":[{"width":1088,"height":644,"url":"https:\/\/www.internationalseafarers.com\/wp-content\/uploads\/2021\/06\/isu-social.jpg","type":"image\/jpeg"}],"twitter_card":"summary_large_image","schema":{"@context":"https:\/\/schema.org","@graph":[{"@type":"WebPage","@id":"https:\/\/www.internationalseafarers.com\/es\/derechos-de-los-marinos\/","url":"https:\/\/www.internationalseafarers.com\/es\/derechos-de-los-marinos\/","name":"Derechos de los Marinos &#8226; Uni\u00f3n International de Marineros","isPartOf":{"@id":"https:\/\/www.internationalseafarers.com\/#website"},"datePublished":"2020-11-06T20:49:10+00:00","dateModified":"2020-11-20T15:01:48+00:00","description":"Mientras que Marineros lesionado esta en servicio de su buque, tienes derecho bajo la ley de E.E.U.U., para recibir cuidado m\u00e9dico, alimento y refugio gratis.","breadcrumb":{"@id":"https:\/\/www.internationalseafarers.com\/es\/derechos-de-los-marinos\/#breadcrumb"},"inLanguage":"es","potentialAction":[{"@type":"ReadAction","target":["https:\/\/www.internationalseafarers.com\/es\/derechos-de-los-marinos\/"]}]},{"@type":"BreadcrumbList","@id":"https:\/\/www.internationalseafarers.com\/es\/derechos-de-los-marinos\/#breadcrumb","itemListElement":[{"@type":"ListItem","position":1,"name":"Home","item":"https:\/\/www.internationalseafarers.com\/es\/"},{"@type":"ListItem","position":2,"name":"Derechos de los Marinos"}]},{"@type":"WebSite","@id":"https:\/\/www.internationalseafarers.com\/#website","url":"https:\/\/www.internationalseafarers.com\/","name":"Uni\u00f3n International de Marineros","description":"Ayuda para los marineros","publisher":{"@id":"https:\/\/www.internationalseafarers.com\/#organization"},"potentialAction":[{"@type":"SearchAction","target":{"@type":"EntryPoint","urlTemplate":"https:\/\/www.internationalseafarers.com\/?s={search_term_string}"},"query-input":{"@type":"PropertyValueSpecification","valueRequired":true,"valueName":"search_term_string"}}],"inLanguage":"es"},{"@type":"Organization","@id":"https:\/\/www.internationalseafarers.com\/#organization","name":"International Seafarers Union","url":"https:\/\/www.internationalseafarers.com\/","logo":{"@type":"ImageObject","inLanguage":"es","@id":"https:\/\/www.internationalseafarers.com\/#\/schema\/logo\/image\/","url":"https:\/\/www.internationalseafarers.com\/wp-content\/uploads\/2020\/11\/international-seafarers-union-schema.png","contentUrl":"https:\/\/www.internationalseafarers.com\/wp-content\/uploads\/2020\/11\/international-seafarers-union-schema.png","width":512,"height":512,"caption":"International Seafarers Union"},"image":{"@id":"https:\/\/www.internationalseafarers.com\/#\/schema\/logo\/image\/"},"sameAs":["https:\/\/www.facebook.com\/seafarersunion"]}]}},"uagb_featured_image_src":{"full":false,"thumbnail":false,"medium":false,"medium_large":false,"large":false,"1536x1536":false,"2048x2048":false,"gform-image-choice-sm":false,"gform-image-choice-md":false,"gform-image-choice-lg":false},"uagb_author_info":{"display_name":"awd_ba","author_link":"https:\/\/www.internationalseafarers.com\/es\/author\/awd_ba\/"},"uagb_comment_info":0,"uagb_excerpt":null,"_links":{"self":[{"href":"https:\/\/www.internationalseafarers.com\/es\/wp-json\/wp\/v2\/pages\/86","targetHints":{"allow":["GET"]}}],"collection":[{"href":"https:\/\/www.internationalseafarers.com\/es\/wp-json\/wp\/v2\/pages"}],"about":[{"href":"https:\/\/www.internationalseafarers.com\/es\/wp-json\/wp\/v2\/types\/page"}],"author":[{"embeddable":true,"href":"https:\/\/www.internationalseafarers.com\/es\/wp-json\/wp\/v2\/users\/1"}],"replies":[{"embeddable":true,"href":"https:\/\/www.internationalseafarers.com\/es\/wp-json\/wp\/v2\/comments?post=86"}],"version-history":[{"count":0,"href":"https:\/\/www.internationalseafarers.com\/es\/wp-json\/wp\/v2\/pages\/86\/revisions"}],"wp:attachment":[{"href":"https:\/\/www.internationalseafarers.com\/es\/wp-json\/wp\/v2\/media?parent=86"}],"curies":[{"name":"wp","href":"https:\/\/api.w.org\/{rel}","templated":true}]}}