{"id":87,"date":"2020-11-06T20:52:10","date_gmt":"2020-11-06T20:52:10","guid":{"rendered":"https:\/\/intseafarers.wpengine.com\/sosa-vs-m-vlago-izabal\/"},"modified":"2020-11-20T14:52:05","modified_gmt":"2020-11-20T14:52:05","slug":"sosa-vs-m-vlago-izabal","status":"publish","type":"page","link":"https:\/\/www.internationalseafarers.com\/es\/como-podemos-ayudar\/sosa-vs-m-vlago-izabal\/","title":{"rendered":"SOSA vs. M\/VLAGO IZABAL"},"content":{"rendered":"\n<section class=\"wp-block-uagb-section uagb-section__wrap uagb-section__background-undefined alignfull uagb-block-65969c35\"><div class=\"uagb-section__overlay\"><\/div><div class=\"uagb-section__inner-wrap\">\n<section class=\"wp-block-uagb-columns uagb-columns__wrap uagb-columns__background-undefined uagb-columns__stack-none uagb-columns__valign-undefined uagb-columns__gap-10 alignfull uagb-block-c79a605f\"><div class=\"uagb-columns__overlay\"><\/div><div class=\"uagb-columns__inner-wrap uagb-columns__columns-1\">\n<div class=\"wp-block-uagb-column uagb-column__wrap uagb-column__background-undefined uagb-block-aa89e6e9\"><div class=\"uagb-column__overlay\"><\/div><div class=\"uagb-column__inner-wrap\">\n<p>$25.843.903 fueron otorgados a un marinero Mexicano que trabajaba por un salario anual de $8.224. \u00c9l recibi\u00f3 serias quemaduras a bordo de un barco de carga cuando ocurri\u00f3 una explosi\u00f3n en la sala de maquinas.<\/p>\n\n\n\n<p>El marino trabajaba como oiler para la empresa Tracey Navigation, una empresa de barcos de carga basada en las Islas Caim\u00e1n. El marino trabajaba como oiler para la empresa Tracey Navigation, una empresa de barcos de carga basada en las Islas Caim\u00e1n. Combustible diesel le cayo al marino y s\u00e9 prendi\u00f3, caus\u00e1ndole quemaduras de 2do y 3er grado sobre 80% de su cuerpo, resultando en severas cicatrices, perdida del uso de las manos, las cuales le quedaron en posici\u00f3n de garra, perdida parcial de la visi\u00f3n y el o\u00eddo, disfunci\u00f3n sexual, y lesiones psiqui\u00e1tricas caus\u00e1ndole deshabilitad permanente. La empresa pago $190.000 por gastos m\u00e9dicos antes del caso llegar a juicio.<\/p>\n\n\n\n<p>El marinero lleva la demanda contra el barco y la empresa, bajo leyes generales mar\u00edtimas, alegando que el barco estaba sin seguridad navegable divido al mal mantenimiento de la sala de maquinas. Evidencia comprob\u00f3 que en \u00e9l ultimo viaje del barco, la maquina se malogro y se incendio en dos ocasiones. El capit\u00e1n dio la orden de salir a navegar antes de que las piezas pedidas para reparar la maquina, llegaran a bordo. El marinero alega que la empresa de barcos estaba a conocimiento de que la maquina no estaba funcionando adecuadamente y necesitaba reparaciones, y que el mantenimiento peri\u00f3dico de la maquinaria, no se hab\u00eda hecho.<\/p>\n\n\n\n<p>La empresa desafi\u00f3 la jurisdicci\u00f3n de la Corte, bas\u00e1ndose de que la demanda involucraba a un marinero Mexicano demandando una empresa de Las Islas Caim\u00e1n que utilizaba como base principal, un puerto de M\u00e9xico. Una Corte Federal de Los Estados Unidos decidi\u00f3 de que si hab\u00eda jurisdicci\u00f3n en este pa\u00eds. A pesar de que la empresa alega que la registracion del barco, y la base de operaciones estaban en otra naci\u00f3n, la Corte decidi\u00f3 que la base de operaciones para el manejo del barco estaba en Houston, Tejas: El barco regularmente recib\u00eda la carga en Houston; los salarios de los empleados se pagaban a trav\u00e9s de un banco de Houston; y el 90% de los propietarios de la empresa eran residentes Americanos.<\/p>\n\n\n\n<p>La Corte decidi\u00f3 que el barco no estaba navegable debido a la explosi\u00f3n de su maquina durante uso normal. La empresa del barco habiendo tenido conocimiento de los problemas de la maquina antes de haber comenzado el viaje durante el cual la maquina exploto, fue encontrada responsable, y la Corte le otorgo al marino $25.843.903. $10 millones se le otorgaron al marino por sufrimiento y dolor. $10.9 millones se le otorgaron al marino para sus futuros gastos anuales, incluyendo enfermero constante las 24 horas del d\u00eda.<\/p>\n\n\n\n<p>$25,843,903.00 otorgados al marino.<\/p>\n<\/div><\/div>\n<\/div><\/section>\n<\/div><\/section>\n","protected":false},"excerpt":{"rendered":"","protected":false},"author":1,"featured_media":0,"parent":102,"menu_order":0,"comment_status":"closed","ping_status":"closed","template":"","meta":{"_acf_changed":false,"_uag_custom_page_level_css":"","footnotes":""},"class_list":["post-87","page","type-page","status-publish","hentry"],"acf":[],"yoast_head":"<!-- This site is optimized with the Yoast SEO plugin v27.1.1 - https:\/\/yoast.com\/product\/yoast-seo-wordpress\/ -->\n<title>Caso de estudio, SOSA vs. M \/ VLAGO IZABAL | ISU<\/title>\n<meta name=\"description\" content=\"Un caso de la tripulaci\u00f3n heridos de SOSA vs. M \/ VLAGO Izaba, la nave de una empresa de transporte con problemas de motor, durante un viaje el motor explot\u00f3.\" \/>\n<meta name=\"robots\" content=\"index, follow, max-snippet:-1, max-image-preview:large, max-video-preview:-1\" \/>\n<link rel=\"canonical\" href=\"https:\/\/www.internationalseafarers.com\/es\/como-podemos-ayudar\/sosa-vs-m-vlago-izabal\/\" \/>\n<meta property=\"og:locale\" content=\"es_ES\" \/>\n<meta property=\"og:type\" content=\"article\" \/>\n<meta property=\"og:title\" content=\"Caso de estudio, SOSA vs. M \/ VLAGO IZABAL | ISU\" \/>\n<meta property=\"og:description\" content=\"Un caso de la tripulaci\u00f3n heridos de SOSA vs. M \/ VLAGO Izaba, la nave de una empresa de transporte con problemas de motor, durante un viaje el motor explot\u00f3.\" \/>\n<meta property=\"og:url\" content=\"https:\/\/www.internationalseafarers.com\/es\/como-podemos-ayudar\/sosa-vs-m-vlago-izabal\/\" \/>\n<meta property=\"og:site_name\" content=\"Uni\u00f3n International de Marineros\" \/>\n<meta property=\"article:publisher\" content=\"https:\/\/www.facebook.com\/seafarersunion\" \/>\n<meta property=\"article:modified_time\" content=\"2020-11-20T14:52:05+00:00\" \/>\n<meta property=\"og:image\" content=\"https:\/\/www.internationalseafarers.com\/wp-content\/uploads\/2021\/06\/isu-social.jpg\" \/>\n\t<meta property=\"og:image:width\" content=\"1088\" \/>\n\t<meta property=\"og:image:height\" content=\"644\" \/>\n\t<meta property=\"og:image:type\" content=\"image\/jpeg\" \/>\n<meta name=\"twitter:card\" content=\"summary_large_image\" \/>\n<meta name=\"twitter:label1\" content=\"Tiempo de lectura\" \/>\n\t<meta name=\"twitter:data1\" content=\"2 minutos\" \/>\n<script type=\"application\/ld+json\" class=\"yoast-schema-graph\">{\"@context\":\"https:\/\/schema.org\",\"@graph\":[{\"@type\":\"WebPage\",\"@id\":\"https:\/\/www.internationalseafarers.com\/es\/como-podemos-ayudar\/sosa-vs-m-vlago-izabal\/\",\"url\":\"https:\/\/www.internationalseafarers.com\/es\/como-podemos-ayudar\/sosa-vs-m-vlago-izabal\/\",\"name\":\"Caso de estudio, SOSA vs. M \/ VLAGO IZABAL | ISU\",\"isPartOf\":{\"@id\":\"https:\/\/www.internationalseafarers.com\/#website\"},\"datePublished\":\"2020-11-06T20:52:10+00:00\",\"dateModified\":\"2020-11-20T14:52:05+00:00\",\"description\":\"Un caso de la tripulaci\u00f3n heridos de SOSA vs. M \/ VLAGO Izaba, la nave de una empresa de transporte con problemas de motor, durante un viaje el motor explot\u00f3.\",\"breadcrumb\":{\"@id\":\"https:\/\/www.internationalseafarers.com\/es\/como-podemos-ayudar\/sosa-vs-m-vlago-izabal\/#breadcrumb\"},\"inLanguage\":\"es\",\"potentialAction\":[{\"@type\":\"ReadAction\",\"target\":[\"https:\/\/www.internationalseafarers.com\/es\/como-podemos-ayudar\/sosa-vs-m-vlago-izabal\/\"]}]},{\"@type\":\"BreadcrumbList\",\"@id\":\"https:\/\/www.internationalseafarers.com\/es\/como-podemos-ayudar\/sosa-vs-m-vlago-izabal\/#breadcrumb\",\"itemListElement\":[{\"@type\":\"ListItem\",\"position\":1,\"name\":\"Home\",\"item\":\"https:\/\/www.internationalseafarers.com\/es\/\"},{\"@type\":\"ListItem\",\"position\":2,\"name\":\"C\u00f3mo Podemos Ayudar\",\"item\":\"https:\/\/www.internationalseafarers.com\/es\/como-podemos-ayudar\/\"},{\"@type\":\"ListItem\",\"position\":3,\"name\":\"SOSA vs. M\/VLAGO IZABAL\"}]},{\"@type\":\"WebSite\",\"@id\":\"https:\/\/www.internationalseafarers.com\/#website\",\"url\":\"https:\/\/www.internationalseafarers.com\/\",\"name\":\"Uni\u00f3n International de Marineros\",\"description\":\"Ayuda para los marineros\",\"publisher\":{\"@id\":\"https:\/\/www.internationalseafarers.com\/#organization\"},\"potentialAction\":[{\"@type\":\"SearchAction\",\"target\":{\"@type\":\"EntryPoint\",\"urlTemplate\":\"https:\/\/www.internationalseafarers.com\/?s={search_term_string}\"},\"query-input\":{\"@type\":\"PropertyValueSpecification\",\"valueRequired\":true,\"valueName\":\"search_term_string\"}}],\"inLanguage\":\"es\"},{\"@type\":\"Organization\",\"@id\":\"https:\/\/www.internationalseafarers.com\/#organization\",\"name\":\"International Seafarers Union\",\"url\":\"https:\/\/www.internationalseafarers.com\/\",\"logo\":{\"@type\":\"ImageObject\",\"inLanguage\":\"es\",\"@id\":\"https:\/\/www.internationalseafarers.com\/#\/schema\/logo\/image\/\",\"url\":\"https:\/\/www.internationalseafarers.com\/wp-content\/uploads\/2020\/11\/international-seafarers-union-schema.png\",\"contentUrl\":\"https:\/\/www.internationalseafarers.com\/wp-content\/uploads\/2020\/11\/international-seafarers-union-schema.png\",\"width\":512,\"height\":512,\"caption\":\"International Seafarers Union\"},\"image\":{\"@id\":\"https:\/\/www.internationalseafarers.com\/#\/schema\/logo\/image\/\"},\"sameAs\":[\"https:\/\/www.facebook.com\/seafarersunion\"]}]}<\/script>\n<!-- \/ Yoast SEO plugin. -->","yoast_head_json":{"title":"Caso de estudio, SOSA vs. M \/ VLAGO IZABAL | ISU","description":"Un caso de la tripulaci\u00f3n heridos de SOSA vs. M \/ VLAGO Izaba, la nave de una empresa de transporte con problemas de motor, durante un viaje el motor explot\u00f3.","robots":{"index":"index","follow":"follow","max-snippet":"max-snippet:-1","max-image-preview":"max-image-preview:large","max-video-preview":"max-video-preview:-1"},"canonical":"https:\/\/www.internationalseafarers.com\/es\/como-podemos-ayudar\/sosa-vs-m-vlago-izabal\/","og_locale":"es_ES","og_type":"article","og_title":"Caso de estudio, SOSA vs. M \/ VLAGO IZABAL | ISU","og_description":"Un caso de la tripulaci\u00f3n heridos de SOSA vs. M \/ VLAGO Izaba, la nave de una empresa de transporte con problemas de motor, durante un viaje el motor explot\u00f3.","og_url":"https:\/\/www.internationalseafarers.com\/es\/como-podemos-ayudar\/sosa-vs-m-vlago-izabal\/","og_site_name":"Uni\u00f3n International de Marineros","article_publisher":"https:\/\/www.facebook.com\/seafarersunion","article_modified_time":"2020-11-20T14:52:05+00:00","og_image":[{"width":1088,"height":644,"url":"https:\/\/www.internationalseafarers.com\/wp-content\/uploads\/2021\/06\/isu-social.jpg","type":"image\/jpeg"}],"twitter_card":"summary_large_image","twitter_misc":{"Tiempo de lectura":"2 minutos"},"schema":{"@context":"https:\/\/schema.org","@graph":[{"@type":"WebPage","@id":"https:\/\/www.internationalseafarers.com\/es\/como-podemos-ayudar\/sosa-vs-m-vlago-izabal\/","url":"https:\/\/www.internationalseafarers.com\/es\/como-podemos-ayudar\/sosa-vs-m-vlago-izabal\/","name":"Caso de estudio, SOSA vs. M \/ VLAGO IZABAL | ISU","isPartOf":{"@id":"https:\/\/www.internationalseafarers.com\/#website"},"datePublished":"2020-11-06T20:52:10+00:00","dateModified":"2020-11-20T14:52:05+00:00","description":"Un caso de la tripulaci\u00f3n heridos de SOSA vs. M \/ VLAGO Izaba, la nave de una empresa de transporte con problemas de motor, durante un viaje el motor explot\u00f3.","breadcrumb":{"@id":"https:\/\/www.internationalseafarers.com\/es\/como-podemos-ayudar\/sosa-vs-m-vlago-izabal\/#breadcrumb"},"inLanguage":"es","potentialAction":[{"@type":"ReadAction","target":["https:\/\/www.internationalseafarers.com\/es\/como-podemos-ayudar\/sosa-vs-m-vlago-izabal\/"]}]},{"@type":"BreadcrumbList","@id":"https:\/\/www.internationalseafarers.com\/es\/como-podemos-ayudar\/sosa-vs-m-vlago-izabal\/#breadcrumb","itemListElement":[{"@type":"ListItem","position":1,"name":"Home","item":"https:\/\/www.internationalseafarers.com\/es\/"},{"@type":"ListItem","position":2,"name":"C\u00f3mo Podemos Ayudar","item":"https:\/\/www.internationalseafarers.com\/es\/como-podemos-ayudar\/"},{"@type":"ListItem","position":3,"name":"SOSA vs. M\/VLAGO IZABAL"}]},{"@type":"WebSite","@id":"https:\/\/www.internationalseafarers.com\/#website","url":"https:\/\/www.internationalseafarers.com\/","name":"Uni\u00f3n International de Marineros","description":"Ayuda para los marineros","publisher":{"@id":"https:\/\/www.internationalseafarers.com\/#organization"},"potentialAction":[{"@type":"SearchAction","target":{"@type":"EntryPoint","urlTemplate":"https:\/\/www.internationalseafarers.com\/?s={search_term_string}"},"query-input":{"@type":"PropertyValueSpecification","valueRequired":true,"valueName":"search_term_string"}}],"inLanguage":"es"},{"@type":"Organization","@id":"https:\/\/www.internationalseafarers.com\/#organization","name":"International Seafarers Union","url":"https:\/\/www.internationalseafarers.com\/","logo":{"@type":"ImageObject","inLanguage":"es","@id":"https:\/\/www.internationalseafarers.com\/#\/schema\/logo\/image\/","url":"https:\/\/www.internationalseafarers.com\/wp-content\/uploads\/2020\/11\/international-seafarers-union-schema.png","contentUrl":"https:\/\/www.internationalseafarers.com\/wp-content\/uploads\/2020\/11\/international-seafarers-union-schema.png","width":512,"height":512,"caption":"International Seafarers Union"},"image":{"@id":"https:\/\/www.internationalseafarers.com\/#\/schema\/logo\/image\/"},"sameAs":["https:\/\/www.facebook.com\/seafarersunion"]}]}},"uagb_featured_image_src":{"full":false,"thumbnail":false,"medium":false,"medium_large":false,"large":false,"1536x1536":false,"2048x2048":false,"gform-image-choice-sm":false,"gform-image-choice-md":false,"gform-image-choice-lg":false},"uagb_author_info":{"display_name":"awd_ba","author_link":"https:\/\/www.internationalseafarers.com\/es\/author\/awd_ba\/"},"uagb_comment_info":0,"uagb_excerpt":null,"_links":{"self":[{"href":"https:\/\/www.internationalseafarers.com\/es\/wp-json\/wp\/v2\/pages\/87","targetHints":{"allow":["GET"]}}],"collection":[{"href":"https:\/\/www.internationalseafarers.com\/es\/wp-json\/wp\/v2\/pages"}],"about":[{"href":"https:\/\/www.internationalseafarers.com\/es\/wp-json\/wp\/v2\/types\/page"}],"author":[{"embeddable":true,"href":"https:\/\/www.internationalseafarers.com\/es\/wp-json\/wp\/v2\/users\/1"}],"replies":[{"embeddable":true,"href":"https:\/\/www.internationalseafarers.com\/es\/wp-json\/wp\/v2\/comments?post=87"}],"version-history":[{"count":0,"href":"https:\/\/www.internationalseafarers.com\/es\/wp-json\/wp\/v2\/pages\/87\/revisions"}],"up":[{"embeddable":true,"href":"https:\/\/www.internationalseafarers.com\/es\/wp-json\/wp\/v2\/pages\/102"}],"wp:attachment":[{"href":"https:\/\/www.internationalseafarers.com\/es\/wp-json\/wp\/v2\/media?parent=87"}],"curies":[{"name":"wp","href":"https:\/\/api.w.org\/{rel}","templated":true}]}}