{"id":91,"date":"2020-11-06T21:06:27","date_gmt":"2020-11-06T21:06:27","guid":{"rendered":"https:\/\/intseafarers.wpengine.com\/nunez-vs-carnival-cruise-lines\/"},"modified":"2020-11-20T14:50:53","modified_gmt":"2020-11-20T14:50:53","slug":"nunez-vs-carnival-cruise-lines","status":"publish","type":"page","link":"https:\/\/www.internationalseafarers.com\/es\/como-podemos-ayudar\/nunez-vs-carnival-cruise-lines\/","title":{"rendered":"NUNEZ vs. CARNIVAL CRUISE LINES"},"content":{"rendered":"\n<section class=\"wp-block-uagb-section uagb-section__wrap uagb-section__background-undefined alignfull uagb-block-94396d37\"><div class=\"uagb-section__overlay\"><\/div><div class=\"uagb-section__inner-wrap\">\n<section class=\"wp-block-uagb-columns uagb-columns__wrap uagb-columns__background-undefined uagb-columns__stack-none uagb-columns__valign-undefined uagb-columns__gap-10 alignfull uagb-block-8b1698ff\"><div class=\"uagb-columns__overlay\"><\/div><div class=\"uagb-columns__inner-wrap uagb-columns__columns-1\">\n<div class=\"wp-block-uagb-column uagb-column__wrap uagb-column__background-undefined uagb-block-1113e47c\"><div class=\"uagb-column__overlay\"><\/div><div class=\"uagb-column__inner-wrap\">\n<p>El demandante, era un marinero de 39 anos de la Republica Dominicana. \u00c9l ganaba $528.00 mensuales como trabajador del pantry y del buffet haciendo aperitivos y ensaladas. El demandante se lesiono mientras trabajaba a bordo del Barco Mardi Gras. \u00c9l estaba empujando por el piso una pila de lexons cuando repentinamente se atrancaron en una grieta en el piso causando que la pila de lexons y el marinero se fueran al suelo. El marinero se lastima la pierna con un lexon quebrado cuando \u00e9l es cayo.<\/p>\n\n\n\n<p>El marinero reclamo que se le deber\u00eda haber prove\u00eddo con un trolley o con mas asistencia para mover esos lexons. La empresa reclamo que el marinero hab\u00eda escogido una forma insegura para mover los lexons, y que solo s\u00e9 hab\u00eda hecho una peque\u00f1a cortada en la pierna. El marinero tambi\u00e9n reclamo que el tratamiento medica que la empresa le dio, fue inadecuado e inapropiado, porque la peque\u00f1a cortada se le infecto caus\u00e1ndole una agravaci\u00f3n a un problema de varices que la tenia. La empresa reclamo que la agravaci\u00f3n del problema del marinero duro un m\u00e1ximo de nueve meses, y que los problemas que le quedaron en la pierna fueron causados por la progresi\u00f3n de sus venas varices.<\/p>\n\n\n\n<p>Dr. Stephen Ticktin, medico ortopedista, testifico a favor del marinero diciendo que la infecci\u00f3n que resulto despu\u00e9s de lesionarse la pierna, agrava el problema de las venas varices que la tenia, y que la infecci\u00f3n no se curo r\u00e1pido, divide al problema de las varices. El Dr. Ticktin tambi\u00e9n dijo que el marinero tenia un porcentaje de deshabilitad del 20% y que divido a eso, no pod\u00eda trabajar mas en barcos, pero podr\u00eda trabajar en tierra en trabajos suaves. Dr. Sendischew, cirujano vascular, testifico para el marinero y para la empresa, diciendo que av\u00eda ocurrido una agravaci\u00f3n del problema de las varices, pero que no afectar\u00eda permanentemente la condici\u00f3n existente de las varices. En adici\u00f3n, el Dr. Sendischew tambi\u00e9n dijo que despu\u00e9s de haber pasado un mes sin haberse curado la herida de la pierna, el marinero debi\u00f3 haber sido enviado a un especialista vascular. Por este motivo, el marinero tuvo un retraso en curarse de ocho meses. Dr. Stewart McIntyre, medica especialista en enfermedades infecciosas, testifico para la empresa diciendo que la infecci\u00f3n del marinero que causo su hospitalizaci\u00f3n, no fue resultado del accidente, sino de un virus que causa la infecci\u00f3n mono.<\/p>\n\n\n\n<p>La empresa ofreci\u00f3 arreglar el caso por $20.000. Un jurado en la Corte, decidi\u00f3 que la empresa era responsable de negligencia bajo la Ley del Jones Act, de inseguridad marinera, y de falta de proveer tratamiento medico r\u00e1pido y adecuado. Al marinero se le encontr\u00f3 el 10% de negligencia comparativa.<\/p>\n\n\n\n<p>$575,000.00 otorgados al marino.<\/p>\n<\/div><\/div>\n<\/div><\/section>\n<\/div><\/section>\n","protected":false},"excerpt":{"rendered":"","protected":false},"author":1,"featured_media":0,"parent":102,"menu_order":0,"comment_status":"closed","ping_status":"closed","template":"","meta":{"_acf_changed":false,"_uag_custom_page_level_css":"","footnotes":""},"class_list":["post-91","page","type-page","status-publish","hentry"],"acf":[],"yoast_head":"<!-- This site is optimized with the Yoast SEO plugin v27.1.1 - https:\/\/yoast.com\/product\/yoast-seo-wordpress\/ -->\n<title>Caso de estudio, NUNEZ vs. CARNIVAL CRUISE LINES | ISU<\/title>\n<meta name=\"description\" content=\"Un caso de uni\u00f3n de marineros NUNEZ vs. CARNIVAL CRUISE LINES mostr\u00f3 Ley Jones negligencia y la falta de atenci\u00f3n m\u00e9dica oportuna, adecuada y suficiente.\" \/>\n<meta name=\"robots\" content=\"index, follow, max-snippet:-1, max-image-preview:large, max-video-preview:-1\" \/>\n<link rel=\"canonical\" href=\"https:\/\/www.internationalseafarers.com\/es\/como-podemos-ayudar\/nunez-vs-carnival-cruise-lines\/\" \/>\n<meta property=\"og:locale\" content=\"es_ES\" \/>\n<meta property=\"og:type\" content=\"article\" \/>\n<meta property=\"og:title\" content=\"Caso de estudio, NUNEZ vs. CARNIVAL CRUISE LINES | ISU\" \/>\n<meta property=\"og:description\" content=\"Un caso de uni\u00f3n de marineros NUNEZ vs. CARNIVAL CRUISE LINES mostr\u00f3 Ley Jones negligencia y la falta de atenci\u00f3n m\u00e9dica oportuna, adecuada y suficiente.\" \/>\n<meta property=\"og:url\" content=\"https:\/\/www.internationalseafarers.com\/es\/como-podemos-ayudar\/nunez-vs-carnival-cruise-lines\/\" \/>\n<meta property=\"og:site_name\" content=\"Uni\u00f3n International de Marineros\" \/>\n<meta property=\"article:publisher\" content=\"https:\/\/www.facebook.com\/seafarersunion\" \/>\n<meta property=\"article:modified_time\" content=\"2020-11-20T14:50:53+00:00\" \/>\n<meta property=\"og:image\" content=\"https:\/\/www.internationalseafarers.com\/wp-content\/uploads\/2021\/06\/isu-social.jpg\" \/>\n\t<meta property=\"og:image:width\" content=\"1088\" \/>\n\t<meta property=\"og:image:height\" content=\"644\" \/>\n\t<meta property=\"og:image:type\" content=\"image\/jpeg\" \/>\n<meta name=\"twitter:card\" content=\"summary_large_image\" \/>\n<meta name=\"twitter:label1\" content=\"Tiempo de lectura\" \/>\n\t<meta name=\"twitter:data1\" content=\"2 minutos\" \/>\n<script type=\"application\/ld+json\" class=\"yoast-schema-graph\">{\"@context\":\"https:\/\/schema.org\",\"@graph\":[{\"@type\":\"WebPage\",\"@id\":\"https:\/\/www.internationalseafarers.com\/es\/como-podemos-ayudar\/nunez-vs-carnival-cruise-lines\/\",\"url\":\"https:\/\/www.internationalseafarers.com\/es\/como-podemos-ayudar\/nunez-vs-carnival-cruise-lines\/\",\"name\":\"Caso de estudio, NUNEZ vs. CARNIVAL CRUISE LINES | ISU\",\"isPartOf\":{\"@id\":\"https:\/\/www.internationalseafarers.com\/#website\"},\"datePublished\":\"2020-11-06T21:06:27+00:00\",\"dateModified\":\"2020-11-20T14:50:53+00:00\",\"description\":\"Un caso de uni\u00f3n de marineros NUNEZ vs. CARNIVAL CRUISE LINES mostr\u00f3 Ley Jones negligencia y la falta de atenci\u00f3n m\u00e9dica oportuna, adecuada y suficiente.\",\"breadcrumb\":{\"@id\":\"https:\/\/www.internationalseafarers.com\/es\/como-podemos-ayudar\/nunez-vs-carnival-cruise-lines\/#breadcrumb\"},\"inLanguage\":\"es\",\"potentialAction\":[{\"@type\":\"ReadAction\",\"target\":[\"https:\/\/www.internationalseafarers.com\/es\/como-podemos-ayudar\/nunez-vs-carnival-cruise-lines\/\"]}]},{\"@type\":\"BreadcrumbList\",\"@id\":\"https:\/\/www.internationalseafarers.com\/es\/como-podemos-ayudar\/nunez-vs-carnival-cruise-lines\/#breadcrumb\",\"itemListElement\":[{\"@type\":\"ListItem\",\"position\":1,\"name\":\"Home\",\"item\":\"https:\/\/www.internationalseafarers.com\/es\/\"},{\"@type\":\"ListItem\",\"position\":2,\"name\":\"C\u00f3mo Podemos Ayudar\",\"item\":\"https:\/\/www.internationalseafarers.com\/es\/como-podemos-ayudar\/\"},{\"@type\":\"ListItem\",\"position\":3,\"name\":\"NUNEZ vs. CARNIVAL CRUISE LINES\"}]},{\"@type\":\"WebSite\",\"@id\":\"https:\/\/www.internationalseafarers.com\/#website\",\"url\":\"https:\/\/www.internationalseafarers.com\/\",\"name\":\"Uni\u00f3n International de Marineros\",\"description\":\"Ayuda para los marineros\",\"publisher\":{\"@id\":\"https:\/\/www.internationalseafarers.com\/#organization\"},\"potentialAction\":[{\"@type\":\"SearchAction\",\"target\":{\"@type\":\"EntryPoint\",\"urlTemplate\":\"https:\/\/www.internationalseafarers.com\/?s={search_term_string}\"},\"query-input\":{\"@type\":\"PropertyValueSpecification\",\"valueRequired\":true,\"valueName\":\"search_term_string\"}}],\"inLanguage\":\"es\"},{\"@type\":\"Organization\",\"@id\":\"https:\/\/www.internationalseafarers.com\/#organization\",\"name\":\"International Seafarers Union\",\"url\":\"https:\/\/www.internationalseafarers.com\/\",\"logo\":{\"@type\":\"ImageObject\",\"inLanguage\":\"es\",\"@id\":\"https:\/\/www.internationalseafarers.com\/#\/schema\/logo\/image\/\",\"url\":\"https:\/\/www.internationalseafarers.com\/wp-content\/uploads\/2020\/11\/international-seafarers-union-schema.png\",\"contentUrl\":\"https:\/\/www.internationalseafarers.com\/wp-content\/uploads\/2020\/11\/international-seafarers-union-schema.png\",\"width\":512,\"height\":512,\"caption\":\"International Seafarers Union\"},\"image\":{\"@id\":\"https:\/\/www.internationalseafarers.com\/#\/schema\/logo\/image\/\"},\"sameAs\":[\"https:\/\/www.facebook.com\/seafarersunion\"]}]}<\/script>\n<!-- \/ Yoast SEO plugin. -->","yoast_head_json":{"title":"Caso de estudio, NUNEZ vs. CARNIVAL CRUISE LINES | ISU","description":"Un caso de uni\u00f3n de marineros NUNEZ vs. CARNIVAL CRUISE LINES mostr\u00f3 Ley Jones negligencia y la falta de atenci\u00f3n m\u00e9dica oportuna, adecuada y suficiente.","robots":{"index":"index","follow":"follow","max-snippet":"max-snippet:-1","max-image-preview":"max-image-preview:large","max-video-preview":"max-video-preview:-1"},"canonical":"https:\/\/www.internationalseafarers.com\/es\/como-podemos-ayudar\/nunez-vs-carnival-cruise-lines\/","og_locale":"es_ES","og_type":"article","og_title":"Caso de estudio, NUNEZ vs. CARNIVAL CRUISE LINES | ISU","og_description":"Un caso de uni\u00f3n de marineros NUNEZ vs. CARNIVAL CRUISE LINES mostr\u00f3 Ley Jones negligencia y la falta de atenci\u00f3n m\u00e9dica oportuna, adecuada y suficiente.","og_url":"https:\/\/www.internationalseafarers.com\/es\/como-podemos-ayudar\/nunez-vs-carnival-cruise-lines\/","og_site_name":"Uni\u00f3n International de Marineros","article_publisher":"https:\/\/www.facebook.com\/seafarersunion","article_modified_time":"2020-11-20T14:50:53+00:00","og_image":[{"width":1088,"height":644,"url":"https:\/\/www.internationalseafarers.com\/wp-content\/uploads\/2021\/06\/isu-social.jpg","type":"image\/jpeg"}],"twitter_card":"summary_large_image","twitter_misc":{"Tiempo de lectura":"2 minutos"},"schema":{"@context":"https:\/\/schema.org","@graph":[{"@type":"WebPage","@id":"https:\/\/www.internationalseafarers.com\/es\/como-podemos-ayudar\/nunez-vs-carnival-cruise-lines\/","url":"https:\/\/www.internationalseafarers.com\/es\/como-podemos-ayudar\/nunez-vs-carnival-cruise-lines\/","name":"Caso de estudio, NUNEZ vs. CARNIVAL CRUISE LINES | ISU","isPartOf":{"@id":"https:\/\/www.internationalseafarers.com\/#website"},"datePublished":"2020-11-06T21:06:27+00:00","dateModified":"2020-11-20T14:50:53+00:00","description":"Un caso de uni\u00f3n de marineros NUNEZ vs. CARNIVAL CRUISE LINES mostr\u00f3 Ley Jones negligencia y la falta de atenci\u00f3n m\u00e9dica oportuna, adecuada y suficiente.","breadcrumb":{"@id":"https:\/\/www.internationalseafarers.com\/es\/como-podemos-ayudar\/nunez-vs-carnival-cruise-lines\/#breadcrumb"},"inLanguage":"es","potentialAction":[{"@type":"ReadAction","target":["https:\/\/www.internationalseafarers.com\/es\/como-podemos-ayudar\/nunez-vs-carnival-cruise-lines\/"]}]},{"@type":"BreadcrumbList","@id":"https:\/\/www.internationalseafarers.com\/es\/como-podemos-ayudar\/nunez-vs-carnival-cruise-lines\/#breadcrumb","itemListElement":[{"@type":"ListItem","position":1,"name":"Home","item":"https:\/\/www.internationalseafarers.com\/es\/"},{"@type":"ListItem","position":2,"name":"C\u00f3mo Podemos Ayudar","item":"https:\/\/www.internationalseafarers.com\/es\/como-podemos-ayudar\/"},{"@type":"ListItem","position":3,"name":"NUNEZ vs. CARNIVAL CRUISE LINES"}]},{"@type":"WebSite","@id":"https:\/\/www.internationalseafarers.com\/#website","url":"https:\/\/www.internationalseafarers.com\/","name":"Uni\u00f3n International de Marineros","description":"Ayuda para los marineros","publisher":{"@id":"https:\/\/www.internationalseafarers.com\/#organization"},"potentialAction":[{"@type":"SearchAction","target":{"@type":"EntryPoint","urlTemplate":"https:\/\/www.internationalseafarers.com\/?s={search_term_string}"},"query-input":{"@type":"PropertyValueSpecification","valueRequired":true,"valueName":"search_term_string"}}],"inLanguage":"es"},{"@type":"Organization","@id":"https:\/\/www.internationalseafarers.com\/#organization","name":"International Seafarers Union","url":"https:\/\/www.internationalseafarers.com\/","logo":{"@type":"ImageObject","inLanguage":"es","@id":"https:\/\/www.internationalseafarers.com\/#\/schema\/logo\/image\/","url":"https:\/\/www.internationalseafarers.com\/wp-content\/uploads\/2020\/11\/international-seafarers-union-schema.png","contentUrl":"https:\/\/www.internationalseafarers.com\/wp-content\/uploads\/2020\/11\/international-seafarers-union-schema.png","width":512,"height":512,"caption":"International Seafarers Union"},"image":{"@id":"https:\/\/www.internationalseafarers.com\/#\/schema\/logo\/image\/"},"sameAs":["https:\/\/www.facebook.com\/seafarersunion"]}]}},"uagb_featured_image_src":{"full":false,"thumbnail":false,"medium":false,"medium_large":false,"large":false,"1536x1536":false,"2048x2048":false,"gform-image-choice-sm":false,"gform-image-choice-md":false,"gform-image-choice-lg":false},"uagb_author_info":{"display_name":"awd_ba","author_link":"https:\/\/www.internationalseafarers.com\/es\/author\/awd_ba\/"},"uagb_comment_info":0,"uagb_excerpt":null,"_links":{"self":[{"href":"https:\/\/www.internationalseafarers.com\/es\/wp-json\/wp\/v2\/pages\/91","targetHints":{"allow":["GET"]}}],"collection":[{"href":"https:\/\/www.internationalseafarers.com\/es\/wp-json\/wp\/v2\/pages"}],"about":[{"href":"https:\/\/www.internationalseafarers.com\/es\/wp-json\/wp\/v2\/types\/page"}],"author":[{"embeddable":true,"href":"https:\/\/www.internationalseafarers.com\/es\/wp-json\/wp\/v2\/users\/1"}],"replies":[{"embeddable":true,"href":"https:\/\/www.internationalseafarers.com\/es\/wp-json\/wp\/v2\/comments?post=91"}],"version-history":[{"count":0,"href":"https:\/\/www.internationalseafarers.com\/es\/wp-json\/wp\/v2\/pages\/91\/revisions"}],"up":[{"embeddable":true,"href":"https:\/\/www.internationalseafarers.com\/es\/wp-json\/wp\/v2\/pages\/102"}],"wp:attachment":[{"href":"https:\/\/www.internationalseafarers.com\/es\/wp-json\/wp\/v2\/media?parent=91"}],"curies":[{"name":"wp","href":"https:\/\/api.w.org\/{rel}","templated":true}]}}